{"id":172,"date":"2025-03-06T21:48:01","date_gmt":"2025-03-06T21:48:01","guid":{"rendered":"https:\/\/tommys-stichpunkt.de\/startseite\/?page_id=172"},"modified":"2025-03-06T21:48:03","modified_gmt":"2025-03-06T21:48:03","slug":"impressum","status":"publish","type":"page","link":"https:\/\/tommys-stichpunkt.de\/startseite\/impressum\/","title":{"rendered":"Impressum"},"content":{"rendered":"\n<h3 class=\"wp-block-heading\"><strong>Angaben gem\u00e4\u00df \u00a7 5 TMG<\/strong><\/h3>\n\n\n\n<p><strong>Tommy\u2019s Stichpunkt<\/strong><br>Tommy Jacobs<br>H\u00fcfnermark 6b<br>04849 Bad D\u00fcben<\/p>\n\n\n\n<p>\ud83d\udcde <strong>Telefon:<\/strong> 0175 8494923<br>\ud83d\udce7 <strong>E-Mail:<\/strong> kontakt@tommys-stichpunkt.de<br>\ud83c\udf10 <strong>Website:<\/strong> https:\/\/tommys-stichpunkt.de<\/p>\n\n\n\n<h3 class=\"wp-block-heading\"><strong>Angaben zur Umsatzsteuer<\/strong><\/h3>\n\n\n\n<p><strong>Kleinunternehmer gem\u00e4\u00df \u00a7 19 UStG:<\/strong><br>Es erfolgt <strong>keine Ausweisung der Mehrwertsteuer<\/strong> aufgrund der Kleinunternehmerregelung nach \u00a7 19 UStG.<\/p>\n\n\n\n<h3 class=\"wp-block-heading\"><strong>Gewerbeanmeldung<\/strong><\/h3>\n\n\n\n<p>Die Gewerbeanmeldung nach \u00a7 14 GewO wurde bei der Stadt\/Gemeinde Bad D\u00fcben vorgenommen.<\/p>\n\n\n\n<h3 class=\"wp-block-heading\"><strong>Berufsbezeichnung &amp; berufsrechtliche Regelungen<\/strong><\/h3>\n\n\n\n<p>Berufsbezeichnung: Piercer<br>Verliehen in: Deutschland<\/p>\n\n\n\n<h3 class=\"wp-block-heading\"><strong>Haftungsausschluss (Disclaimer)<\/strong><\/h3>\n\n\n\n<h4 class=\"wp-block-heading\"><strong>Haftung f\u00fcr Inhalte<\/strong><\/h4>\n\n\n\n<p>Die Inhalte unserer Seiten wurden mit gr\u00f6\u00dfter Sorgfalt erstellt. F\u00fcr die Richtigkeit, Vollst\u00e4ndigkeit und Aktualit\u00e4t der Inhalte k\u00f6nnen wir jedoch keine Gew\u00e4hr \u00fcbernehmen.<\/p>\n\n\n\n<h4 class=\"wp-block-heading\"><strong>Haftung f\u00fcr Links<\/strong><\/h4>\n\n\n\n<p>Unsere Website enth\u00e4lt Links zu externen Webseiten Dritter, auf deren Inhalte wir keinen Einfluss haben. Deshalb k\u00f6nnen wir f\u00fcr diese fremden Inhalte auch keine Gew\u00e4hr \u00fcbernehmen.<\/p>\n\n\n\n<h4 class=\"wp-block-heading\"><strong>Urheberrecht<\/strong><\/h4>\n\n\n\n<p>Die durch die Seitenbetreiber erstellten Inhalte und Werke auf diesen Seiten unterliegen dem deutschen Urheberrecht. Beitr\u00e4ge Dritter sind als solche gekennzeichnet. Die Vervielf\u00e4ltigung, Bearbeitung, Verbreitung und jede Art der Verwertung au\u00dferhalb der Grenzen des Urheberrechts bed\u00fcrfen der schriftlichen Zustimmung des jeweiligen Autors bzw. Erstellers.<\/p>\n\n\n\n<h3 class=\"wp-block-heading\"><strong>Streitschlichtung<\/strong><\/h3>\n\n\n\n<p>Die Europ\u00e4ische Kommission stellt eine Plattform zur Online-Streitbeilegung (OS) bereit: <a href=\"https:\/\/ec.europa.eu\/consumers\/odr\">https:\/\/ec.europa.eu\/consumers\/odr<\/a><br>Wir sind nicht bereit oder verpflichtet, an Streitbeilegungsverfahren vor einer Verbraucherschlichtungsstelle teilzunehmen.<\/p>\n","protected":false},"excerpt":{"rendered":"<p>Angaben gem\u00e4\u00df \u00a7 5 TMG Tommy\u2019s StichpunktTommy JacobsH\u00fcfnermark 6b04849 Bad D\u00fcben \ud83d\udcde Telefon: 0175 8494923\ud83d\udce7 E-Mail: kontakt@tommys-stichpunkt.de\ud83c\udf10 Website: https:\/\/tommys-stichpunkt.de Angaben [&hellip;]<\/p>\n","protected":false},"author":1,"featured_media":0,"parent":0,"menu_order":0,"comment_status":"closed","ping_status":"closed","template":"","meta":{"_coblocks_attr":"","_coblocks_dimensions":"","_coblocks_responsive_height":"","_coblocks_accordion_ie_support":"","site-sidebar-layout":"default","site-content-layout":"","ast-site-content-layout":"default","site-content-style":"default","site-sidebar-style":"default","ast-global-header-display":"","ast-banner-title-visibility":"","ast-main-header-display":"","ast-hfb-above-header-display":"","ast-hfb-below-header-display":"","ast-hfb-mobile-header-display":"","site-post-title":"","ast-breadcrumbs-content":"","ast-featured-img":"","footer-sml-layout":"","ast-disable-related-posts":"","theme-transparent-header-meta":"","adv-header-id-meta":"","stick-header-meta":"","header-above-stick-meta":"","header-main-stick-meta":"","header-below-stick-meta":"","astra-migrate-meta-layouts":"default","ast-page-background-enabled":"default","ast-page-background-meta":{"desktop":{"background-color":"var(--ast-global-color-5)","background-image":"","background-repeat":"repeat","background-position":"center center","background-size":"auto","background-attachment":"scroll","background-type":"","background-media":"","overlay-type":"","overlay-color":"","overlay-opacity":"","overlay-gradient":""},"tablet":{"background-color":"","background-image":"","background-repeat":"repeat","background-position":"center center","background-size":"auto","background-attachment":"scroll","background-type":"","background-media":"","overlay-type":"","overlay-color":"","overlay-opacity":"","overlay-gradient":""},"mobile":{"background-color":"","background-image":"","background-repeat":"repeat","background-position":"center center","background-size":"auto","background-attachment":"scroll","background-type":"","background-media":"","overlay-type":"","overlay-color":"","overlay-opacity":"","overlay-gradient":""}},"ast-content-background-meta":{"desktop":{"background-color":"var(--ast-global-color-4)","background-image":"","background-repeat":"repeat","background-position":"center center","background-size":"auto","background-attachment":"scroll","background-type":"","background-media":"","overlay-type":"","overlay-color":"","overlay-opacity":"","overlay-gradient":""},"tablet":{"background-color":"var(--ast-global-color-4)","background-image":"","background-repeat":"repeat","background-position":"center center","background-size":"auto","background-attachment":"scroll","background-type":"","background-media":"","overlay-type":"","overlay-color":"","overlay-opacity":"","overlay-gradient":""},"mobile":{"background-color":"var(--ast-global-color-4)","background-image":"","background-repeat":"repeat","background-position":"center center","background-size":"auto","background-attachment":"scroll","background-type":"","background-media":"","overlay-type":"","overlay-color":"","overlay-opacity":"","overlay-gradient":""}},"footnotes":""},"class_list":["post-172","page","type-page","status-publish","hentry"],"yoast_head":"<!-- This site is optimized with the Yoast SEO plugin v27.5 - https:\/\/yoast.com\/product\/yoast-seo-wordpress\/ -->\n<title>Impressum - Tommy\u2019s Stichpunkt \u2013 Dein Experte f\u00fcr Piercings<\/title>\n<meta name=\"robots\" content=\"index, follow, max-snippet:-1, max-image-preview:large, max-video-preview:-1\" \/>\n<link rel=\"canonical\" href=\"https:\/\/tommys-stichpunkt.de\/startseite\/impressum\/\" \/>\n<meta property=\"og:locale\" content=\"de_DE\" \/>\n<meta property=\"og:type\" content=\"article\" \/>\n<meta property=\"og:title\" content=\"Impressum - Tommy\u2019s Stichpunkt \u2013 Dein Experte f\u00fcr Piercings\" \/>\n<meta property=\"og:description\" content=\"Angaben gem\u00e4\u00df \u00a7 5 TMG Tommy\u2019s StichpunktTommy JacobsH\u00fcfnermark 6b04849 Bad D\u00fcben \ud83d\udcde Telefon: 0175 8494923\ud83d\udce7 E-Mail: kontakt@tommys-stichpunkt.de\ud83c\udf10 Website: https:\/\/tommys-stichpunkt.de Angaben [&hellip;]\" \/>\n<meta property=\"og:url\" content=\"https:\/\/tommys-stichpunkt.de\/startseite\/impressum\/\" \/>\n<meta property=\"og:site_name\" content=\"Tommy\u2019s Stichpunkt \u2013 Dein Experte f\u00fcr Piercings\" \/>\n<meta property=\"article:modified_time\" content=\"2025-03-06T21:48:03+00:00\" \/>\n<meta name=\"twitter:card\" content=\"summary_large_image\" \/>\n<meta name=\"twitter:label1\" content=\"Gesch\u00e4tzte Lesezeit\" \/>\n\t<meta name=\"twitter:data1\" content=\"2\u00a0Minuten\" \/>\n<script type=\"application\/ld+json\" class=\"yoast-schema-graph\">{\"@context\":\"https:\\\/\\\/schema.org\",\"@graph\":[{\"@type\":\"WebPage\",\"@id\":\"https:\\\/\\\/tommys-stichpunkt.de\\\/startseite\\\/impressum\\\/\",\"url\":\"https:\\\/\\\/tommys-stichpunkt.de\\\/startseite\\\/impressum\\\/\",\"name\":\"Impressum - Tommy\u2019s Stichpunkt \u2013 Dein Experte f\u00fcr Piercings\",\"isPartOf\":{\"@id\":\"https:\\\/\\\/tommys-stichpunkt.de\\\/startseite\\\/#website\"},\"datePublished\":\"2025-03-06T21:48:01+00:00\",\"dateModified\":\"2025-03-06T21:48:03+00:00\",\"breadcrumb\":{\"@id\":\"https:\\\/\\\/tommys-stichpunkt.de\\\/startseite\\\/impressum\\\/#breadcrumb\"},\"inLanguage\":\"de\",\"potentialAction\":[{\"@type\":\"ReadAction\",\"target\":[\"https:\\\/\\\/tommys-stichpunkt.de\\\/startseite\\\/impressum\\\/\"]}]},{\"@type\":\"BreadcrumbList\",\"@id\":\"https:\\\/\\\/tommys-stichpunkt.de\\\/startseite\\\/impressum\\\/#breadcrumb\",\"itemListElement\":[{\"@type\":\"ListItem\",\"position\":1,\"name\":\"Startseite\",\"item\":\"https:\\\/\\\/tommys-stichpunkt.de\\\/startseite\\\/\"},{\"@type\":\"ListItem\",\"position\":2,\"name\":\"Impressum\"}]},{\"@type\":\"WebSite\",\"@id\":\"https:\\\/\\\/tommys-stichpunkt.de\\\/startseite\\\/#website\",\"url\":\"https:\\\/\\\/tommys-stichpunkt.de\\\/startseite\\\/\",\"name\":\"Tommy\u2019s Stichpunkt \u2013 Dein Experte f\u00fcr Piercings\",\"description\":\"Eine andere WordPress-Site.\",\"publisher\":{\"@id\":\"https:\\\/\\\/tommys-stichpunkt.de\\\/startseite\\\/#organization\"},\"potentialAction\":[{\"@type\":\"SearchAction\",\"target\":{\"@type\":\"EntryPoint\",\"urlTemplate\":\"https:\\\/\\\/tommys-stichpunkt.de\\\/startseite\\\/?s={search_term_string}\"},\"query-input\":{\"@type\":\"PropertyValueSpecification\",\"valueRequired\":true,\"valueName\":\"search_term_string\"}}],\"inLanguage\":\"de\"},{\"@type\":\"Organization\",\"@id\":\"https:\\\/\\\/tommys-stichpunkt.de\\\/startseite\\\/#organization\",\"name\":\"Tommy\u2019s Stichpunkt\",\"url\":\"https:\\\/\\\/tommys-stichpunkt.de\\\/startseite\\\/\",\"logo\":{\"@type\":\"ImageObject\",\"inLanguage\":\"de\",\"@id\":\"https:\\\/\\\/tommys-stichpunkt.de\\\/startseite\\\/#\\\/schema\\\/logo\\\/image\\\/\",\"url\":\"https:\\\/\\\/tommys-stichpunkt.de\\\/wp-content\\\/uploads\\\/2025\\\/05\\\/cropped-Logo-neu-Rot-weis.png\",\"contentUrl\":\"https:\\\/\\\/tommys-stichpunkt.de\\\/wp-content\\\/uploads\\\/2025\\\/05\\\/cropped-Logo-neu-Rot-weis.png\",\"width\":1016,\"height\":491,\"caption\":\"Tommy\u2019s Stichpunkt\"},\"image\":{\"@id\":\"https:\\\/\\\/tommys-stichpunkt.de\\\/startseite\\\/#\\\/schema\\\/logo\\\/image\\\/\"},\"sameAs\":[\"https:\\\/\\\/www.instagram.com\\\/tommys_stichpunkt\\\/\"]}]}<\/script>\n<!-- \/ Yoast SEO plugin. -->","yoast_head_json":{"title":"Impressum - Tommy\u2019s Stichpunkt \u2013 Dein Experte f\u00fcr Piercings","robots":{"index":"index","follow":"follow","max-snippet":"max-snippet:-1","max-image-preview":"max-image-preview:large","max-video-preview":"max-video-preview:-1"},"canonical":"https:\/\/tommys-stichpunkt.de\/startseite\/impressum\/","og_locale":"de_DE","og_type":"article","og_title":"Impressum - Tommy\u2019s Stichpunkt \u2013 Dein Experte f\u00fcr Piercings","og_description":"Angaben gem\u00e4\u00df \u00a7 5 TMG Tommy\u2019s StichpunktTommy JacobsH\u00fcfnermark 6b04849 Bad D\u00fcben \ud83d\udcde Telefon: 0175 8494923\ud83d\udce7 E-Mail: kontakt@tommys-stichpunkt.de\ud83c\udf10 Website: https:\/\/tommys-stichpunkt.de Angaben [&hellip;]","og_url":"https:\/\/tommys-stichpunkt.de\/startseite\/impressum\/","og_site_name":"Tommy\u2019s Stichpunkt \u2013 Dein Experte f\u00fcr Piercings","article_modified_time":"2025-03-06T21:48:03+00:00","twitter_card":"summary_large_image","twitter_misc":{"Gesch\u00e4tzte Lesezeit":"2\u00a0Minuten"},"schema":{"@context":"https:\/\/schema.org","@graph":[{"@type":"WebPage","@id":"https:\/\/tommys-stichpunkt.de\/startseite\/impressum\/","url":"https:\/\/tommys-stichpunkt.de\/startseite\/impressum\/","name":"Impressum - Tommy\u2019s Stichpunkt \u2013 Dein Experte f\u00fcr Piercings","isPartOf":{"@id":"https:\/\/tommys-stichpunkt.de\/startseite\/#website"},"datePublished":"2025-03-06T21:48:01+00:00","dateModified":"2025-03-06T21:48:03+00:00","breadcrumb":{"@id":"https:\/\/tommys-stichpunkt.de\/startseite\/impressum\/#breadcrumb"},"inLanguage":"de","potentialAction":[{"@type":"ReadAction","target":["https:\/\/tommys-stichpunkt.de\/startseite\/impressum\/"]}]},{"@type":"BreadcrumbList","@id":"https:\/\/tommys-stichpunkt.de\/startseite\/impressum\/#breadcrumb","itemListElement":[{"@type":"ListItem","position":1,"name":"Startseite","item":"https:\/\/tommys-stichpunkt.de\/startseite\/"},{"@type":"ListItem","position":2,"name":"Impressum"}]},{"@type":"WebSite","@id":"https:\/\/tommys-stichpunkt.de\/startseite\/#website","url":"https:\/\/tommys-stichpunkt.de\/startseite\/","name":"Tommy\u2019s Stichpunkt \u2013 Dein Experte f\u00fcr Piercings","description":"Eine andere WordPress-Site.","publisher":{"@id":"https:\/\/tommys-stichpunkt.de\/startseite\/#organization"},"potentialAction":[{"@type":"SearchAction","target":{"@type":"EntryPoint","urlTemplate":"https:\/\/tommys-stichpunkt.de\/startseite\/?s={search_term_string}"},"query-input":{"@type":"PropertyValueSpecification","valueRequired":true,"valueName":"search_term_string"}}],"inLanguage":"de"},{"@type":"Organization","@id":"https:\/\/tommys-stichpunkt.de\/startseite\/#organization","name":"Tommy\u2019s Stichpunkt","url":"https:\/\/tommys-stichpunkt.de\/startseite\/","logo":{"@type":"ImageObject","inLanguage":"de","@id":"https:\/\/tommys-stichpunkt.de\/startseite\/#\/schema\/logo\/image\/","url":"https:\/\/tommys-stichpunkt.de\/wp-content\/uploads\/2025\/05\/cropped-Logo-neu-Rot-weis.png","contentUrl":"https:\/\/tommys-stichpunkt.de\/wp-content\/uploads\/2025\/05\/cropped-Logo-neu-Rot-weis.png","width":1016,"height":491,"caption":"Tommy\u2019s Stichpunkt"},"image":{"@id":"https:\/\/tommys-stichpunkt.de\/startseite\/#\/schema\/logo\/image\/"},"sameAs":["https:\/\/www.instagram.com\/tommys_stichpunkt\/"]}]}},"jetpack_sharing_enabled":true,"_links":{"self":[{"href":"https:\/\/tommys-stichpunkt.de\/startseite\/wp-json\/wp\/v2\/pages\/172","targetHints":{"allow":["GET"]}}],"collection":[{"href":"https:\/\/tommys-stichpunkt.de\/startseite\/wp-json\/wp\/v2\/pages"}],"about":[{"href":"https:\/\/tommys-stichpunkt.de\/startseite\/wp-json\/wp\/v2\/types\/page"}],"author":[{"embeddable":true,"href":"https:\/\/tommys-stichpunkt.de\/startseite\/wp-json\/wp\/v2\/users\/1"}],"replies":[{"embeddable":true,"href":"https:\/\/tommys-stichpunkt.de\/startseite\/wp-json\/wp\/v2\/comments?post=172"}],"version-history":[{"count":1,"href":"https:\/\/tommys-stichpunkt.de\/startseite\/wp-json\/wp\/v2\/pages\/172\/revisions"}],"predecessor-version":[{"id":173,"href":"https:\/\/tommys-stichpunkt.de\/startseite\/wp-json\/wp\/v2\/pages\/172\/revisions\/173"}],"wp:attachment":[{"href":"https:\/\/tommys-stichpunkt.de\/startseite\/wp-json\/wp\/v2\/media?parent=172"}],"curies":[{"name":"wp","href":"https:\/\/api.w.org\/{rel}","templated":true}]}}